{"id":6670,"date":"2025-03-11T08:48:21","date_gmt":"2025-03-11T07:48:21","guid":{"rendered":"https:\/\/www.v3ritas.sk\/?page_id=6670"},"modified":"2025-11-17T12:20:50","modified_gmt":"2025-11-17T11:20:50","slug":"partneri","status":"publish","type":"page","link":"https:\/\/www.v3ritas.sk\/index.php\/partneri\/","title":{"rendered":"Sie\u0165"},"content":{"rendered":"\t\t<div data-elementor-type=\"wp-page\" data-elementor-id=\"6670\" class=\"elementor elementor-6670\" data-elementor-post-type=\"page\">\n\t\t\t\t<div class=\"elementor-element elementor-element-9bfc464 e-flex e-con-boxed e-con e-parent\" data-id=\"9bfc464\" data-element_type=\"container\" data-e-type=\"container\" data-settings=\"{&quot;background_background&quot;:&quot;classic&quot;}\">\n\t\t\t\t\t<div class=\"e-con-inner\">\n\t\t<div class=\"elementor-element elementor-element-3be65c5 e-con-full e-flex e-con e-child\" data-id=\"3be65c5\" data-element_type=\"container\" data-e-type=\"container\">\n\t\t\t\t<div class=\"elementor-element elementor-element-2ca6b11 at-heading-animation at-animation-heading-style-2 elementor-widget elementor-widget-heading\" data-id=\"2ca6b11\" data-element_type=\"widget\" data-e-type=\"widget\" data-settings=\"{&quot;ekit_we_effect_on&quot;:&quot;none&quot;}\" data-widget_type=\"heading.default\">\n\t\t\t\t<div class=\"elementor-widget-container\">\n\t\t\t\t\t<h1 class=\"elementor-heading-title elementor-size-default\">Spolupracujeme<\/h1>\t\t\t\t<\/div>\n\t\t\t\t<\/div>\n\t\t\t\t<\/div>\n\t\t\t\t\t<\/div>\n\t\t\t\t<\/div>\n\t\t<div class=\"elementor-element elementor-element-76003c9 e-flex e-con-boxed e-con e-parent\" data-id=\"76003c9\" data-element_type=\"container\" data-e-type=\"container\">\n\t\t\t\t\t<div class=\"e-con-inner\">\n\t\t<div class=\"elementor-element elementor-element-f1c96a4 e-grid e-con-full e-con e-child\" data-id=\"f1c96a4\" data-element_type=\"container\" data-e-type=\"container\">\n\t\t<div class=\"elementor-element elementor-element-813f8d0 e-con-full e-flex e-con e-child\" data-id=\"813f8d0\" data-element_type=\"container\" data-e-type=\"container\">\n\t\t<div class=\"elementor-element elementor-element-ff4cc59 e-con-full e-flex e-con e-child\" data-id=\"ff4cc59\" data-element_type=\"container\" data-e-type=\"container\">\n\t\t\t\t<div class=\"elementor-element elementor-element-628efbf at-image-animation at-animation-image-none elementor-widget elementor-widget-image\" data-id=\"628efbf\" data-element_type=\"widget\" data-e-type=\"widget\" data-settings=\"{&quot;ekit_we_effect_on&quot;:&quot;none&quot;}\" data-widget_type=\"image.default\">\n\t\t\t\t<div class=\"elementor-widget-container\">\n\t\t\t\t\t\t\t\t\t\t\t\t\t\t\t\t<a href=\"https:\/\/www.v3ritas.sk\/index.php\/2025\/11\/17\/spojili-sme-sa-s-europskou-sietou-proti-gmo\/\">\n\t\t\t\t\t\t\t<img fetchpriority=\"high\" decoding=\"async\" width=\"453\" height=\"409\" src=\"https:\/\/www.v3ritas.sk\/wp-content\/uploads\/2025\/11\/GMO-FREE-REGIONS.png\" class=\"attachment-large size-large wp-image-8506\" alt=\"\" srcset=\"https:\/\/www.v3ritas.sk\/wp-content\/uploads\/2025\/11\/GMO-FREE-REGIONS.png 453w, https:\/\/www.v3ritas.sk\/wp-content\/uploads\/2025\/11\/GMO-FREE-REGIONS-300x271.png 300w\" sizes=\"(max-width: 453px) 100vw, 453px\" \/>\t\t\t\t\t\t\t\t<\/a>\n\t\t\t\t\t\t\t\t\t\t\t\t\t\t\t<\/div>\n\t\t\t\t<\/div>\n\t\t\t\t<\/div>\n\t\t\t\t<div class=\"elementor-element elementor-element-f0274c7 at-heading-animation at-animation-heading-none elementor-invisible elementor-widget elementor-widget-heading\" data-id=\"f0274c7\" data-element_type=\"widget\" data-e-type=\"widget\" data-settings=\"{&quot;_animation&quot;:&quot;fadeInUp&quot;,&quot;_animation_delay&quot;:100,&quot;ekit_we_effect_on&quot;:&quot;none&quot;}\" data-widget_type=\"heading.default\">\n\t\t\t\t<div class=\"elementor-widget-container\">\n\t\t\t\t\t<h3 class=\"elementor-heading-title elementor-size-default\"><a href=\"https:\/\/www.gmo-free-regions.org\/\">GMO Free Regions<\/a><\/h3>\t\t\t\t<\/div>\n\t\t\t\t<\/div>\n\t\t\t\t<\/div>\n\t\t<div class=\"elementor-element elementor-element-6e3e33e e-con-full elementor-hidden-desktop elementor-hidden-tablet elementor-hidden-mobile e-flex e-con e-child\" data-id=\"6e3e33e\" data-element_type=\"container\" data-e-type=\"container\">\n\t\t<div class=\"elementor-element elementor-element-181e406 e-con-full e-flex e-con e-child\" data-id=\"181e406\" data-element_type=\"container\" data-e-type=\"container\">\n\t\t\t\t<div class=\"elementor-element elementor-element-d6d1234 at-image-animation at-animation-image-none elementor-widget elementor-widget-image\" data-id=\"d6d1234\" data-element_type=\"widget\" data-e-type=\"widget\" data-settings=\"{&quot;ekit_we_effect_on&quot;:&quot;none&quot;}\" data-widget_type=\"image.default\">\n\t\t\t\t<div class=\"elementor-widget-container\">\n\t\t\t\t\t\t\t\t\t\t\t\t\t\t\t\t<a href=\"https:\/\/www.gmo-free-regions.org\/\">\n\t\t\t\t\t\t\t<img fetchpriority=\"high\" decoding=\"async\" width=\"453\" height=\"409\" src=\"https:\/\/www.v3ritas.sk\/wp-content\/uploads\/2025\/11\/GMO-FREE-REGIONS.png\" class=\"attachment-large size-large wp-image-8506\" alt=\"\" srcset=\"https:\/\/www.v3ritas.sk\/wp-content\/uploads\/2025\/11\/GMO-FREE-REGIONS.png 453w, https:\/\/www.v3ritas.sk\/wp-content\/uploads\/2025\/11\/GMO-FREE-REGIONS-300x271.png 300w\" sizes=\"(max-width: 453px) 100vw, 453px\" \/>\t\t\t\t\t\t\t\t<\/a>\n\t\t\t\t\t\t\t\t\t\t\t\t\t\t\t<\/div>\n\t\t\t\t<\/div>\n\t\t\t\t<\/div>\n\t\t\t\t<div class=\"elementor-element elementor-element-92f370b at-heading-animation at-animation-heading-none elementor-invisible elementor-widget elementor-widget-heading\" data-id=\"92f370b\" data-element_type=\"widget\" data-e-type=\"widget\" data-settings=\"{&quot;_animation&quot;:&quot;fadeInUp&quot;,&quot;_animation_delay&quot;:100,&quot;ekit_we_effect_on&quot;:&quot;none&quot;}\" data-widget_type=\"heading.default\">\n\t\t\t\t<div class=\"elementor-widget-container\">\n\t\t\t\t\t<h3 class=\"elementor-heading-title elementor-size-default\"><a href=\"https:\/\/www.gmo-free-regions.org\/\">GMO Free Regions<\/a><\/h3>\t\t\t\t<\/div>\n\t\t\t\t<\/div>\n\t\t\t\t<\/div>\n\t\t\t\t<\/div>\n\t\t\t\t\t<\/div>\n\t\t\t\t<\/div>\n\t\t\t\t<\/div>\n\t\t","protected":false},"excerpt":{"rendered":"<p>Spolupracujeme GMO Free Regions GMO Free Regions<\/p>\n","protected":false},"author":1,"featured_media":0,"parent":0,"menu_order":0,"comment_status":"closed","ping_status":"closed","template":"elementor_header_footer","meta":{"_acf_changed":false,"give_campaign_id":0,"footnotes":""},"class_list":["post-6670","page","type-page","status-publish","hentry"],"acf":[],"yoast_head":"<!-- This site is optimized with the Yoast SEO plugin v27.1.1 - https:\/\/yoast.com\/product\/yoast-seo-wordpress\/ -->\n<title>Sie\u0165 - Veritas<\/title>\n<meta name=\"robots\" content=\"index, follow, max-snippet:-1, max-image-preview:large, max-video-preview:-1\" \/>\n<link rel=\"canonical\" href=\"https:\/\/www.v3ritas.sk\/index.php\/partneri\/\" \/>\n<meta property=\"og:locale\" content=\"sk_SK\" \/>\n<meta property=\"og:type\" content=\"article\" \/>\n<meta property=\"og:title\" content=\"Sie\u0165 - Veritas\" \/>\n<meta property=\"og:description\" content=\"Spolupracujeme GMO Free Regions GMO Free Regions\" \/>\n<meta property=\"og:url\" content=\"https:\/\/www.v3ritas.sk\/index.php\/partneri\/\" \/>\n<meta property=\"og:site_name\" content=\"Veritas\" \/>\n<meta property=\"article:publisher\" content=\"https:\/\/www.facebook.com\/people\/Veritas\/61574619174755\/?mibextid=wwXIfr\" \/>\n<meta property=\"article:modified_time\" content=\"2025-11-17T11:20:50+00:00\" \/>\n<meta property=\"og:image\" content=\"https:\/\/www.v3ritas.sk\/wp-content\/uploads\/2025\/11\/GMO-FREE-REGIONS.png\" \/>\n\t<meta property=\"og:image:width\" content=\"453\" \/>\n\t<meta property=\"og:image:height\" content=\"409\" \/>\n\t<meta property=\"og:image:type\" content=\"image\/png\" \/>\n<meta name=\"twitter:card\" content=\"summary_large_image\" \/>\n<meta name=\"twitter:label1\" content=\"Predpokladan\u00fd \u010das \u010d\u00edtania\" \/>\n\t<meta name=\"twitter:data1\" content=\"1 min\u00fata\" \/>\n<script type=\"application\/ld+json\" class=\"yoast-schema-graph\">{\"@context\":\"https:\/\/schema.org\",\"@graph\":[{\"@type\":\"WebPage\",\"@id\":\"https:\/\/www.v3ritas.sk\/index.php\/partneri\/\",\"url\":\"https:\/\/www.v3ritas.sk\/index.php\/partneri\/\",\"name\":\"Sie\u0165 - Veritas\",\"isPartOf\":{\"@id\":\"https:\/\/www.v3ritas.sk\/#website\"},\"primaryImageOfPage\":{\"@id\":\"https:\/\/www.v3ritas.sk\/index.php\/partneri\/#primaryimage\"},\"image\":{\"@id\":\"https:\/\/www.v3ritas.sk\/index.php\/partneri\/#primaryimage\"},\"thumbnailUrl\":\"https:\/\/www.v3ritas.sk\/wp-content\/uploads\/2025\/11\/GMO-FREE-REGIONS.png\",\"datePublished\":\"2025-03-11T07:48:21+00:00\",\"dateModified\":\"2025-11-17T11:20:50+00:00\",\"breadcrumb\":{\"@id\":\"https:\/\/www.v3ritas.sk\/index.php\/partneri\/#breadcrumb\"},\"inLanguage\":\"sk-SK\",\"potentialAction\":[{\"@type\":\"ReadAction\",\"target\":[\"https:\/\/www.v3ritas.sk\/index.php\/partneri\/\"]}]},{\"@type\":\"ImageObject\",\"inLanguage\":\"sk-SK\",\"@id\":\"https:\/\/www.v3ritas.sk\/index.php\/partneri\/#primaryimage\",\"url\":\"https:\/\/www.v3ritas.sk\/wp-content\/uploads\/2025\/11\/GMO-FREE-REGIONS.png\",\"contentUrl\":\"https:\/\/www.v3ritas.sk\/wp-content\/uploads\/2025\/11\/GMO-FREE-REGIONS.png\",\"width\":453,\"height\":409},{\"@type\":\"BreadcrumbList\",\"@id\":\"https:\/\/www.v3ritas.sk\/index.php\/partneri\/#breadcrumb\",\"itemListElement\":[{\"@type\":\"ListItem\",\"position\":1,\"name\":\"Domovsk\u00e1 str\u00e1nka\",\"item\":\"https:\/\/www.v3ritas.sk\/\"},{\"@type\":\"ListItem\",\"position\":2,\"name\":\"Sie\u0165\"}]},{\"@type\":\"WebSite\",\"@id\":\"https:\/\/www.v3ritas.sk\/#website\",\"url\":\"https:\/\/www.v3ritas.sk\/\",\"name\":\"Veritas\",\"description\":\"H\u013ead\u00e1me odpovede v meniacom sa svete.\",\"publisher\":{\"@id\":\"https:\/\/www.v3ritas.sk\/#organization\"},\"potentialAction\":[{\"@type\":\"SearchAction\",\"target\":{\"@type\":\"EntryPoint\",\"urlTemplate\":\"https:\/\/www.v3ritas.sk\/?s={search_term_string}\"},\"query-input\":{\"@type\":\"PropertyValueSpecification\",\"valueRequired\":true,\"valueName\":\"search_term_string\"}}],\"inLanguage\":\"sk-SK\"},{\"@type\":\"Organization\",\"@id\":\"https:\/\/www.v3ritas.sk\/#organization\",\"name\":\"Veritas\",\"url\":\"https:\/\/www.v3ritas.sk\/\",\"logo\":{\"@type\":\"ImageObject\",\"inLanguage\":\"sk-SK\",\"@id\":\"https:\/\/www.v3ritas.sk\/#\/schema\/logo\/image\/\",\"url\":\"https:\/\/www.v3ritas.sk\/wp-content\/uploads\/2024\/08\/Artboard-1.png\",\"contentUrl\":\"https:\/\/www.v3ritas.sk\/wp-content\/uploads\/2024\/08\/Artboard-1.png\",\"width\":326,\"height\":96,\"caption\":\"Veritas\"},\"image\":{\"@id\":\"https:\/\/www.v3ritas.sk\/#\/schema\/logo\/image\/\"},\"sameAs\":[\"https:\/\/www.facebook.com\/people\/Veritas\/61574619174755\/?mibextid=wwXIfr\",\"https:\/\/t.me\/V3RITASsk\",\"http:\/\/www.linkedin.com\/company\/v3ritas\"]}]}<\/script>\n<!-- \/ Yoast SEO plugin. -->","yoast_head_json":{"title":"Sie\u0165 - Veritas","robots":{"index":"index","follow":"follow","max-snippet":"max-snippet:-1","max-image-preview":"max-image-preview:large","max-video-preview":"max-video-preview:-1"},"canonical":"https:\/\/www.v3ritas.sk\/index.php\/partneri\/","og_locale":"sk_SK","og_type":"article","og_title":"Sie\u0165 - Veritas","og_description":"Spolupracujeme GMO Free Regions GMO Free Regions","og_url":"https:\/\/www.v3ritas.sk\/index.php\/partneri\/","og_site_name":"Veritas","article_publisher":"https:\/\/www.facebook.com\/people\/Veritas\/61574619174755\/?mibextid=wwXIfr","article_modified_time":"2025-11-17T11:20:50+00:00","og_image":[{"width":453,"height":409,"url":"https:\/\/www.v3ritas.sk\/wp-content\/uploads\/2025\/11\/GMO-FREE-REGIONS.png","type":"image\/png"}],"twitter_card":"summary_large_image","twitter_misc":{"Predpokladan\u00fd \u010das \u010d\u00edtania":"1 min\u00fata"},"schema":{"@context":"https:\/\/schema.org","@graph":[{"@type":"WebPage","@id":"https:\/\/www.v3ritas.sk\/index.php\/partneri\/","url":"https:\/\/www.v3ritas.sk\/index.php\/partneri\/","name":"Sie\u0165 - Veritas","isPartOf":{"@id":"https:\/\/www.v3ritas.sk\/#website"},"primaryImageOfPage":{"@id":"https:\/\/www.v3ritas.sk\/index.php\/partneri\/#primaryimage"},"image":{"@id":"https:\/\/www.v3ritas.sk\/index.php\/partneri\/#primaryimage"},"thumbnailUrl":"https:\/\/www.v3ritas.sk\/wp-content\/uploads\/2025\/11\/GMO-FREE-REGIONS.png","datePublished":"2025-03-11T07:48:21+00:00","dateModified":"2025-11-17T11:20:50+00:00","breadcrumb":{"@id":"https:\/\/www.v3ritas.sk\/index.php\/partneri\/#breadcrumb"},"inLanguage":"sk-SK","potentialAction":[{"@type":"ReadAction","target":["https:\/\/www.v3ritas.sk\/index.php\/partneri\/"]}]},{"@type":"ImageObject","inLanguage":"sk-SK","@id":"https:\/\/www.v3ritas.sk\/index.php\/partneri\/#primaryimage","url":"https:\/\/www.v3ritas.sk\/wp-content\/uploads\/2025\/11\/GMO-FREE-REGIONS.png","contentUrl":"https:\/\/www.v3ritas.sk\/wp-content\/uploads\/2025\/11\/GMO-FREE-REGIONS.png","width":453,"height":409},{"@type":"BreadcrumbList","@id":"https:\/\/www.v3ritas.sk\/index.php\/partneri\/#breadcrumb","itemListElement":[{"@type":"ListItem","position":1,"name":"Domovsk\u00e1 str\u00e1nka","item":"https:\/\/www.v3ritas.sk\/"},{"@type":"ListItem","position":2,"name":"Sie\u0165"}]},{"@type":"WebSite","@id":"https:\/\/www.v3ritas.sk\/#website","url":"https:\/\/www.v3ritas.sk\/","name":"Veritas","description":"H\u013ead\u00e1me odpovede v meniacom sa svete.","publisher":{"@id":"https:\/\/www.v3ritas.sk\/#organization"},"potentialAction":[{"@type":"SearchAction","target":{"@type":"EntryPoint","urlTemplate":"https:\/\/www.v3ritas.sk\/?s={search_term_string}"},"query-input":{"@type":"PropertyValueSpecification","valueRequired":true,"valueName":"search_term_string"}}],"inLanguage":"sk-SK"},{"@type":"Organization","@id":"https:\/\/www.v3ritas.sk\/#organization","name":"Veritas","url":"https:\/\/www.v3ritas.sk\/","logo":{"@type":"ImageObject","inLanguage":"sk-SK","@id":"https:\/\/www.v3ritas.sk\/#\/schema\/logo\/image\/","url":"https:\/\/www.v3ritas.sk\/wp-content\/uploads\/2024\/08\/Artboard-1.png","contentUrl":"https:\/\/www.v3ritas.sk\/wp-content\/uploads\/2024\/08\/Artboard-1.png","width":326,"height":96,"caption":"Veritas"},"image":{"@id":"https:\/\/www.v3ritas.sk\/#\/schema\/logo\/image\/"},"sameAs":["https:\/\/www.facebook.com\/people\/Veritas\/61574619174755\/?mibextid=wwXIfr","https:\/\/t.me\/V3RITASsk","http:\/\/www.linkedin.com\/company\/v3ritas"]}]}},"campaignId":"","_links":{"self":[{"href":"https:\/\/www.v3ritas.sk\/index.php\/wp-json\/wp\/v2\/pages\/6670","targetHints":{"allow":["GET"]}}],"collection":[{"href":"https:\/\/www.v3ritas.sk\/index.php\/wp-json\/wp\/v2\/pages"}],"about":[{"href":"https:\/\/www.v3ritas.sk\/index.php\/wp-json\/wp\/v2\/types\/page"}],"author":[{"embeddable":true,"href":"https:\/\/www.v3ritas.sk\/index.php\/wp-json\/wp\/v2\/users\/1"}],"replies":[{"embeddable":true,"href":"https:\/\/www.v3ritas.sk\/index.php\/wp-json\/wp\/v2\/comments?post=6670"}],"version-history":[{"count":85,"href":"https:\/\/www.v3ritas.sk\/index.php\/wp-json\/wp\/v2\/pages\/6670\/revisions"}],"predecessor-version":[{"id":8520,"href":"https:\/\/www.v3ritas.sk\/index.php\/wp-json\/wp\/v2\/pages\/6670\/revisions\/8520"}],"wp:attachment":[{"href":"https:\/\/www.v3ritas.sk\/index.php\/wp-json\/wp\/v2\/media?parent=6670"}],"curies":[{"name":"wp","href":"https:\/\/api.w.org\/{rel}","templated":true}]}}