{"id":6668,"date":"2025-03-11T08:48:12","date_gmt":"2025-03-11T07:48:12","guid":{"rendered":"https:\/\/www.v3ritas.sk\/?page_id=6668"},"modified":"2025-10-20T13:02:05","modified_gmt":"2025-10-20T11:02:05","slug":"dokumenty","status":"publish","type":"page","link":"https:\/\/www.v3ritas.sk\/index.php\/dokumenty\/","title":{"rendered":"Dokumenty"},"content":{"rendered":"\t\t<div data-elementor-type=\"wp-page\" data-elementor-id=\"6668\" class=\"elementor elementor-6668\" data-elementor-post-type=\"page\">\n\t\t\t\t<div class=\"elementor-element elementor-element-05478d4 e-flex e-con-boxed e-con e-parent\" data-id=\"05478d4\" data-element_type=\"container\" data-e-type=\"container\" data-settings=\"{&quot;background_background&quot;:&quot;classic&quot;}\">\n\t\t\t\t\t<div class=\"e-con-inner\">\n\t\t<div class=\"elementor-element elementor-element-6e22bc9 e-con-full e-flex e-con e-child\" data-id=\"6e22bc9\" data-element_type=\"container\" data-e-type=\"container\">\n\t\t\t\t<div class=\"elementor-element elementor-element-1ad83ae at-heading-animation at-animation-heading-style-2 elementor-widget elementor-widget-heading\" data-id=\"1ad83ae\" data-element_type=\"widget\" data-e-type=\"widget\" data-settings=\"{&quot;ekit_we_effect_on&quot;:&quot;none&quot;}\" data-widget_type=\"heading.default\">\n\t\t\t\t<div class=\"elementor-widget-container\">\n\t\t\t\t\t<h1 class=\"elementor-heading-title elementor-size-default\">Dokumenty<\/h1>\t\t\t\t<\/div>\n\t\t\t\t<\/div>\n\t\t\t\t<\/div>\n\t\t\t\t\t<\/div>\n\t\t\t\t<\/div>\n\t\t<div class=\"elementor-element elementor-element-88c6bbd e-flex e-con-boxed e-con e-parent\" data-id=\"88c6bbd\" data-element_type=\"container\" data-e-type=\"container\">\n\t\t\t\t\t<div class=\"e-con-inner\">\n\t\t<div class=\"elementor-element elementor-element-10987fd e-grid e-con-full e-con e-child\" data-id=\"10987fd\" data-element_type=\"container\" data-e-type=\"container\">\n\t\t<div class=\"elementor-element elementor-element-ff9d439 e-con-full e-flex e-con e-child\" data-id=\"ff9d439\" data-element_type=\"container\" data-e-type=\"container\">\n\t\t<div class=\"elementor-element elementor-element-44d18e7 e-con-full e-flex e-con e-child\" data-id=\"44d18e7\" data-element_type=\"container\" data-e-type=\"container\">\n\t\t\t\t<div class=\"elementor-element elementor-element-c713874 elementor-widget elementor-widget-image\" data-id=\"c713874\" data-element_type=\"widget\" data-e-type=\"widget\" data-settings=\"{&quot;ekit_we_effect_on&quot;:&quot;none&quot;}\" data-widget_type=\"image.default\">\n\t\t\t\t<div class=\"elementor-widget-container\">\n\t\t\t\t\t\t\t\t\t\t\t\t\t\t\t\t<a href=\"https:\/\/www.v3ritas.sk\/wp-content\/uploads\/2025\/07\/25-06-13-Stanovy.pdf\" target=\"_blank\">\n\t\t\t\t\t\t\t<img fetchpriority=\"high\" decoding=\"async\" width=\"719\" height=\"1024\" src=\"https:\/\/www.v3ritas.sk\/wp-content\/uploads\/2025\/07\/Stanovy-cover-719x1024.png\" class=\"attachment-large size-large wp-image-8368\" alt=\"\" srcset=\"https:\/\/www.v3ritas.sk\/wp-content\/uploads\/2025\/07\/Stanovy-cover-719x1024.png 719w, https:\/\/www.v3ritas.sk\/wp-content\/uploads\/2025\/07\/Stanovy-cover-211x300.png 211w, https:\/\/www.v3ritas.sk\/wp-content\/uploads\/2025\/07\/Stanovy-cover-768x1093.png 768w, https:\/\/www.v3ritas.sk\/wp-content\/uploads\/2025\/07\/Stanovy-cover-1079x1536.png 1079w, https:\/\/www.v3ritas.sk\/wp-content\/uploads\/2025\/07\/Stanovy-cover.png 1338w\" sizes=\"(max-width: 719px) 100vw, 719px\" \/>\t\t\t\t\t\t\t\t<\/a>\n\t\t\t\t\t\t\t\t\t\t\t\t\t\t\t<\/div>\n\t\t\t\t<\/div>\n\t\t\t\t<\/div>\n\t\t<div class=\"elementor-element elementor-element-e2cce15 e-con-full e-flex e-con e-child\" data-id=\"e2cce15\" data-element_type=\"container\" data-e-type=\"container\">\n\t\t\t\t<div class=\"elementor-element elementor-element-c8dded8 at-heading-animation at-animation-heading-none elementor-invisible elementor-widget elementor-widget-heading\" data-id=\"c8dded8\" data-element_type=\"widget\" data-e-type=\"widget\" data-settings=\"{&quot;_animation&quot;:&quot;fadeInUp&quot;,&quot;_animation_delay&quot;:100,&quot;ekit_we_effect_on&quot;:&quot;none&quot;}\" data-widget_type=\"heading.default\">\n\t\t\t\t<div class=\"elementor-widget-container\">\n\t\t\t\t\t<h3 class=\"elementor-heading-title elementor-size-default\"><a href=\"https:\/\/www.v3ritas.sk\/wp-content\/uploads\/2025\/07\/25-06-13-Stanovy.pdf\">Stanovy OZ quid est VERITAS<\/a><\/h3>\t\t\t\t<\/div>\n\t\t\t\t<\/div>\n\t\t\t\t<div class=\"elementor-element elementor-element-289bd98 elementor-view-default elementor-widget elementor-widget-icon\" data-id=\"289bd98\" data-element_type=\"widget\" data-e-type=\"widget\" data-settings=\"{&quot;ekit_we_effect_on&quot;:&quot;none&quot;}\" data-widget_type=\"icon.default\">\n\t\t\t\t<div class=\"elementor-widget-container\">\n\t\t\t\t\t\t\t<div class=\"elementor-icon-wrapper\">\n\t\t\t<a class=\"elementor-icon elementor-animation-grow\" href=\"https:\/\/www.v3ritas.sk\/wp-content\/uploads\/2025\/07\/25-06-13-Stanovy.pdf\" target=\"_blank\">\n\t\t\t<i aria-hidden=\"true\" class=\"fas fa-cloud-download-alt\"><\/i>\t\t\t<\/a>\n\t\t<\/div>\n\t\t\t\t\t\t<\/div>\n\t\t\t\t<\/div>\n\t\t\t\t<\/div>\n\t\t\t\t<\/div>\n\t\t<div class=\"elementor-element elementor-element-77eacd0 e-con-full e-flex e-con e-child\" data-id=\"77eacd0\" data-element_type=\"container\" data-e-type=\"container\">\n\t\t<div class=\"elementor-element elementor-element-d9f9d50 e-con-full e-flex e-con e-child\" data-id=\"d9f9d50\" data-element_type=\"container\" data-e-type=\"container\">\n\t\t\t\t<div class=\"elementor-element elementor-element-9ac07a6 elementor-widget elementor-widget-image\" data-id=\"9ac07a6\" data-element_type=\"widget\" data-e-type=\"widget\" data-settings=\"{&quot;ekit_we_effect_on&quot;:&quot;none&quot;}\" data-widget_type=\"image.default\">\n\t\t\t\t<div class=\"elementor-widget-container\">\n\t\t\t\t\t\t\t\t\t\t\t\t\t\t\t\t<a href=\"https:\/\/www.v3ritas.sk\/wp-content\/uploads\/2025\/07\/Dolezite-informacie.pdf\" target=\"_blank\">\n\t\t\t\t\t\t\t<img decoding=\"async\" width=\"724\" height=\"1024\" src=\"https:\/\/www.v3ritas.sk\/wp-content\/uploads\/2025\/07\/Dolezite-info-cover-724x1024.png\" class=\"attachment-large size-large wp-image-8362\" alt=\"\" srcset=\"https:\/\/www.v3ritas.sk\/wp-content\/uploads\/2025\/07\/Dolezite-info-cover-724x1024.png 724w, https:\/\/www.v3ritas.sk\/wp-content\/uploads\/2025\/07\/Dolezite-info-cover-212x300.png 212w, https:\/\/www.v3ritas.sk\/wp-content\/uploads\/2025\/07\/Dolezite-info-cover-768x1086.png 768w, https:\/\/www.v3ritas.sk\/wp-content\/uploads\/2025\/07\/Dolezite-info-cover-1086x1536.png 1086w, https:\/\/www.v3ritas.sk\/wp-content\/uploads\/2025\/07\/Dolezite-info-cover-1448x2048.png 1448w, https:\/\/www.v3ritas.sk\/wp-content\/uploads\/2025\/07\/Dolezite-info-cover.png 1478w\" sizes=\"(max-width: 724px) 100vw, 724px\" \/>\t\t\t\t\t\t\t\t<\/a>\n\t\t\t\t\t\t\t\t\t\t\t\t\t\t\t<\/div>\n\t\t\t\t<\/div>\n\t\t\t\t<\/div>\n\t\t<div class=\"elementor-element elementor-element-4c01961 e-con-full e-flex e-con e-child\" data-id=\"4c01961\" data-element_type=\"container\" data-e-type=\"container\">\n\t\t\t\t<div class=\"elementor-element elementor-element-7ae3595 at-heading-animation at-animation-heading-none elementor-invisible elementor-widget elementor-widget-heading\" data-id=\"7ae3595\" data-element_type=\"widget\" data-e-type=\"widget\" data-settings=\"{&quot;_animation&quot;:&quot;fadeInUp&quot;,&quot;_animation_delay&quot;:100,&quot;ekit_we_effect_on&quot;:&quot;none&quot;}\" data-widget_type=\"heading.default\">\n\t\t\t\t<div class=\"elementor-widget-container\">\n\t\t\t\t\t<h3 class=\"elementor-heading-title elementor-size-default\"><a href=\"https:\/\/www.v3ritas.sk\/wp-content\/uploads\/2025\/07\/Dolezite-informacie.pdf\">D\u00f4le\u017eit\u00e9 inform\u00e1cie<\/a><\/h3>\t\t\t\t<\/div>\n\t\t\t\t<\/div>\n\t\t\t\t<div class=\"elementor-element elementor-element-c70533e elementor-view-default elementor-widget elementor-widget-icon\" data-id=\"c70533e\" data-element_type=\"widget\" data-e-type=\"widget\" data-settings=\"{&quot;ekit_we_effect_on&quot;:&quot;none&quot;}\" data-widget_type=\"icon.default\">\n\t\t\t\t<div class=\"elementor-widget-container\">\n\t\t\t\t\t\t\t<div class=\"elementor-icon-wrapper\">\n\t\t\t<a class=\"elementor-icon elementor-animation-grow\" href=\"https:\/\/www.v3ritas.sk\/wp-content\/uploads\/2025\/07\/Dolezite-informacie.pdf\" target=\"_blank\">\n\t\t\t<i aria-hidden=\"true\" class=\"fas fa-cloud-download-alt\"><\/i>\t\t\t<\/a>\n\t\t<\/div>\n\t\t\t\t\t\t<\/div>\n\t\t\t\t<\/div>\n\t\t\t\t<\/div>\n\t\t\t\t<\/div>\n\t\t<div class=\"elementor-element elementor-element-b2b2dca e-con-full e-flex e-con e-child\" data-id=\"b2b2dca\" data-element_type=\"container\" data-e-type=\"container\">\n\t\t<div class=\"elementor-element elementor-element-faffffc e-con-full e-flex e-con e-child\" data-id=\"faffffc\" data-element_type=\"container\" data-e-type=\"container\">\n\t\t\t\t<div class=\"elementor-element elementor-element-49dc940 elementor-widget elementor-widget-image\" data-id=\"49dc940\" data-element_type=\"widget\" data-e-type=\"widget\" data-settings=\"{&quot;ekit_we_effect_on&quot;:&quot;none&quot;}\" data-widget_type=\"image.default\">\n\t\t\t\t<div class=\"elementor-widget-container\">\n\t\t\t\t\t\t\t\t\t\t\t\t\t\t\t\t<a href=\"https:\/\/www.v3ritas.sk\/wp-content\/uploads\/2025\/10\/25-10-Brozura.pdf\" target=\"_blank\">\n\t\t\t\t\t\t\t<img decoding=\"async\" width=\"722\" height=\"1024\" src=\"https:\/\/www.v3ritas.sk\/wp-content\/uploads\/2025\/10\/Obal-brozura-1-722x1024.png\" class=\"attachment-large size-large wp-image-8464\" alt=\"\" srcset=\"https:\/\/www.v3ritas.sk\/wp-content\/uploads\/2025\/10\/Obal-brozura-1-722x1024.png 722w, https:\/\/www.v3ritas.sk\/wp-content\/uploads\/2025\/10\/Obal-brozura-1-211x300.png 211w, https:\/\/www.v3ritas.sk\/wp-content\/uploads\/2025\/10\/Obal-brozura-1-768x1089.png 768w, https:\/\/www.v3ritas.sk\/wp-content\/uploads\/2025\/10\/Obal-brozura-1-1083x1536.png 1083w, https:\/\/www.v3ritas.sk\/wp-content\/uploads\/2025\/10\/Obal-brozura-1-1444x2048.png 1444w, https:\/\/www.v3ritas.sk\/wp-content\/uploads\/2025\/10\/Obal-brozura-1.png 1474w\" sizes=\"(max-width: 722px) 100vw, 722px\" \/>\t\t\t\t\t\t\t\t<\/a>\n\t\t\t\t\t\t\t\t\t\t\t\t\t\t\t<\/div>\n\t\t\t\t<\/div>\n\t\t\t\t<\/div>\n\t\t<div class=\"elementor-element elementor-element-75b5cb8 e-con-full e-flex e-con e-child\" data-id=\"75b5cb8\" data-element_type=\"container\" data-e-type=\"container\">\n\t\t\t\t<div class=\"elementor-element elementor-element-f177fb9 at-heading-animation at-animation-heading-none elementor-invisible elementor-widget elementor-widget-heading\" data-id=\"f177fb9\" data-element_type=\"widget\" data-e-type=\"widget\" data-settings=\"{&quot;_animation&quot;:&quot;fadeInUp&quot;,&quot;_animation_delay&quot;:100,&quot;ekit_we_effect_on&quot;:&quot;none&quot;}\" data-widget_type=\"heading.default\">\n\t\t\t\t<div class=\"elementor-widget-container\">\n\t\t\t\t\t<h3 class=\"elementor-heading-title elementor-size-default\"><a href=\"https:\/\/www.v3ritas.sk\/index.php\/2025\/10\/20\/zverejnujeme-brozuru-o-radach-pre-pripad-krizovej-situacie\/\">U\u017eito\u010dn\u00e9 rady - kr\u00edzov\u00e1 situ\u00e1cia<\/a><\/h3>\t\t\t\t<\/div>\n\t\t\t\t<\/div>\n\t\t\t\t<div class=\"elementor-element elementor-element-ad451c5 elementor-view-default elementor-widget elementor-widget-icon\" data-id=\"ad451c5\" data-element_type=\"widget\" data-e-type=\"widget\" data-settings=\"{&quot;ekit_we_effect_on&quot;:&quot;none&quot;}\" data-widget_type=\"icon.default\">\n\t\t\t\t<div class=\"elementor-widget-container\">\n\t\t\t\t\t\t\t<div class=\"elementor-icon-wrapper\">\n\t\t\t<a class=\"elementor-icon elementor-animation-grow\" href=\"https:\/\/www.v3ritas.sk\/wp-content\/uploads\/2025\/10\/25-10-Brozura.pdf\" target=\"_blank\">\n\t\t\t<i aria-hidden=\"true\" class=\"fas fa-cloud-download-alt\"><\/i>\t\t\t<\/a>\n\t\t<\/div>\n\t\t\t\t\t\t<\/div>\n\t\t\t\t<\/div>\n\t\t\t\t<\/div>\n\t\t\t\t<\/div>\n\t\t\t\t<\/div>\n\t\t\t\t\t<\/div>\n\t\t\t\t<\/div>\n\t\t\t\t<\/div>\n\t\t","protected":false},"excerpt":{"rendered":"<p>Dokumenty Stanovy OZ quid est VERITAS D\u00f4le\u017eit\u00e9 inform\u00e1cie U\u017eito\u010dn\u00e9 rady &#8211; kr\u00edzov\u00e1 [&hellip;]<\/p>\n","protected":false},"author":1,"featured_media":0,"parent":0,"menu_order":0,"comment_status":"closed","ping_status":"closed","template":"elementor_header_footer","meta":{"_acf_changed":false,"give_campaign_id":0,"footnotes":""},"class_list":["post-6668","page","type-page","status-publish","hentry"],"acf":[],"yoast_head":"<!-- This site is optimized with the Yoast SEO plugin v27.1.1 - https:\/\/yoast.com\/product\/yoast-seo-wordpress\/ -->\n<title>Dokumenty - Veritas<\/title>\n<meta name=\"robots\" content=\"index, follow, max-snippet:-1, max-image-preview:large, max-video-preview:-1\" \/>\n<link rel=\"canonical\" href=\"https:\/\/www.v3ritas.sk\/index.php\/dokumenty\/\" \/>\n<meta property=\"og:locale\" content=\"sk_SK\" \/>\n<meta property=\"og:type\" content=\"article\" \/>\n<meta property=\"og:title\" content=\"Dokumenty - Veritas\" \/>\n<meta property=\"og:description\" content=\"Dokumenty Stanovy OZ quid est VERITAS D\u00f4le\u017eit\u00e9 inform\u00e1cie U\u017eito\u010dn\u00e9 rady &#8211; kr\u00edzov\u00e1 [&hellip;]\" \/>\n<meta property=\"og:url\" content=\"https:\/\/www.v3ritas.sk\/index.php\/dokumenty\/\" \/>\n<meta property=\"og:site_name\" content=\"Veritas\" \/>\n<meta property=\"article:publisher\" content=\"https:\/\/www.facebook.com\/people\/Veritas\/61574619174755\/?mibextid=wwXIfr\" \/>\n<meta property=\"article:modified_time\" content=\"2025-10-20T11:02:05+00:00\" \/>\n<meta property=\"og:image\" content=\"https:\/\/www.v3ritas.sk\/wp-content\/uploads\/2025\/07\/Stanovy-cover.png\" \/>\n\t<meta property=\"og:image:width\" content=\"1338\" \/>\n\t<meta property=\"og:image:height\" content=\"1905\" \/>\n\t<meta property=\"og:image:type\" content=\"image\/png\" \/>\n<meta name=\"twitter:card\" content=\"summary_large_image\" \/>\n<meta name=\"twitter:label1\" content=\"Predpokladan\u00fd \u010das \u010d\u00edtania\" \/>\n\t<meta name=\"twitter:data1\" content=\"1 min\u00fata\" \/>\n<script type=\"application\/ld+json\" class=\"yoast-schema-graph\">{\"@context\":\"https:\/\/schema.org\",\"@graph\":[{\"@type\":\"WebPage\",\"@id\":\"https:\/\/www.v3ritas.sk\/index.php\/dokumenty\/\",\"url\":\"https:\/\/www.v3ritas.sk\/index.php\/dokumenty\/\",\"name\":\"Dokumenty - Veritas\",\"isPartOf\":{\"@id\":\"https:\/\/www.v3ritas.sk\/#website\"},\"primaryImageOfPage\":{\"@id\":\"https:\/\/www.v3ritas.sk\/index.php\/dokumenty\/#primaryimage\"},\"image\":{\"@id\":\"https:\/\/www.v3ritas.sk\/index.php\/dokumenty\/#primaryimage\"},\"thumbnailUrl\":\"https:\/\/www.v3ritas.sk\/wp-content\/uploads\/2025\/07\/Stanovy-cover-719x1024.png\",\"datePublished\":\"2025-03-11T07:48:12+00:00\",\"dateModified\":\"2025-10-20T11:02:05+00:00\",\"breadcrumb\":{\"@id\":\"https:\/\/www.v3ritas.sk\/index.php\/dokumenty\/#breadcrumb\"},\"inLanguage\":\"sk-SK\",\"potentialAction\":[{\"@type\":\"ReadAction\",\"target\":[\"https:\/\/www.v3ritas.sk\/index.php\/dokumenty\/\"]}]},{\"@type\":\"ImageObject\",\"inLanguage\":\"sk-SK\",\"@id\":\"https:\/\/www.v3ritas.sk\/index.php\/dokumenty\/#primaryimage\",\"url\":\"https:\/\/www.v3ritas.sk\/wp-content\/uploads\/2025\/07\/Stanovy-cover.png\",\"contentUrl\":\"https:\/\/www.v3ritas.sk\/wp-content\/uploads\/2025\/07\/Stanovy-cover.png\",\"width\":1338,\"height\":1905},{\"@type\":\"BreadcrumbList\",\"@id\":\"https:\/\/www.v3ritas.sk\/index.php\/dokumenty\/#breadcrumb\",\"itemListElement\":[{\"@type\":\"ListItem\",\"position\":1,\"name\":\"Domovsk\u00e1 str\u00e1nka\",\"item\":\"https:\/\/www.v3ritas.sk\/\"},{\"@type\":\"ListItem\",\"position\":2,\"name\":\"Dokumenty\"}]},{\"@type\":\"WebSite\",\"@id\":\"https:\/\/www.v3ritas.sk\/#website\",\"url\":\"https:\/\/www.v3ritas.sk\/\",\"name\":\"Veritas\",\"description\":\"H\u013ead\u00e1me odpovede v meniacom sa svete.\",\"publisher\":{\"@id\":\"https:\/\/www.v3ritas.sk\/#organization\"},\"potentialAction\":[{\"@type\":\"SearchAction\",\"target\":{\"@type\":\"EntryPoint\",\"urlTemplate\":\"https:\/\/www.v3ritas.sk\/?s={search_term_string}\"},\"query-input\":{\"@type\":\"PropertyValueSpecification\",\"valueRequired\":true,\"valueName\":\"search_term_string\"}}],\"inLanguage\":\"sk-SK\"},{\"@type\":\"Organization\",\"@id\":\"https:\/\/www.v3ritas.sk\/#organization\",\"name\":\"Veritas\",\"url\":\"https:\/\/www.v3ritas.sk\/\",\"logo\":{\"@type\":\"ImageObject\",\"inLanguage\":\"sk-SK\",\"@id\":\"https:\/\/www.v3ritas.sk\/#\/schema\/logo\/image\/\",\"url\":\"https:\/\/www.v3ritas.sk\/wp-content\/uploads\/2024\/08\/Artboard-1.png\",\"contentUrl\":\"https:\/\/www.v3ritas.sk\/wp-content\/uploads\/2024\/08\/Artboard-1.png\",\"width\":326,\"height\":96,\"caption\":\"Veritas\"},\"image\":{\"@id\":\"https:\/\/www.v3ritas.sk\/#\/schema\/logo\/image\/\"},\"sameAs\":[\"https:\/\/www.facebook.com\/people\/Veritas\/61574619174755\/?mibextid=wwXIfr\",\"https:\/\/t.me\/V3RITASsk\",\"http:\/\/www.linkedin.com\/company\/v3ritas\"]}]}<\/script>\n<!-- \/ Yoast SEO plugin. -->","yoast_head_json":{"title":"Dokumenty - Veritas","robots":{"index":"index","follow":"follow","max-snippet":"max-snippet:-1","max-image-preview":"max-image-preview:large","max-video-preview":"max-video-preview:-1"},"canonical":"https:\/\/www.v3ritas.sk\/index.php\/dokumenty\/","og_locale":"sk_SK","og_type":"article","og_title":"Dokumenty - Veritas","og_description":"Dokumenty Stanovy OZ quid est VERITAS D\u00f4le\u017eit\u00e9 inform\u00e1cie U\u017eito\u010dn\u00e9 rady &#8211; kr\u00edzov\u00e1 [&hellip;]","og_url":"https:\/\/www.v3ritas.sk\/index.php\/dokumenty\/","og_site_name":"Veritas","article_publisher":"https:\/\/www.facebook.com\/people\/Veritas\/61574619174755\/?mibextid=wwXIfr","article_modified_time":"2025-10-20T11:02:05+00:00","og_image":[{"width":1338,"height":1905,"url":"https:\/\/www.v3ritas.sk\/wp-content\/uploads\/2025\/07\/Stanovy-cover.png","type":"image\/png"}],"twitter_card":"summary_large_image","twitter_misc":{"Predpokladan\u00fd \u010das \u010d\u00edtania":"1 min\u00fata"},"schema":{"@context":"https:\/\/schema.org","@graph":[{"@type":"WebPage","@id":"https:\/\/www.v3ritas.sk\/index.php\/dokumenty\/","url":"https:\/\/www.v3ritas.sk\/index.php\/dokumenty\/","name":"Dokumenty - Veritas","isPartOf":{"@id":"https:\/\/www.v3ritas.sk\/#website"},"primaryImageOfPage":{"@id":"https:\/\/www.v3ritas.sk\/index.php\/dokumenty\/#primaryimage"},"image":{"@id":"https:\/\/www.v3ritas.sk\/index.php\/dokumenty\/#primaryimage"},"thumbnailUrl":"https:\/\/www.v3ritas.sk\/wp-content\/uploads\/2025\/07\/Stanovy-cover-719x1024.png","datePublished":"2025-03-11T07:48:12+00:00","dateModified":"2025-10-20T11:02:05+00:00","breadcrumb":{"@id":"https:\/\/www.v3ritas.sk\/index.php\/dokumenty\/#breadcrumb"},"inLanguage":"sk-SK","potentialAction":[{"@type":"ReadAction","target":["https:\/\/www.v3ritas.sk\/index.php\/dokumenty\/"]}]},{"@type":"ImageObject","inLanguage":"sk-SK","@id":"https:\/\/www.v3ritas.sk\/index.php\/dokumenty\/#primaryimage","url":"https:\/\/www.v3ritas.sk\/wp-content\/uploads\/2025\/07\/Stanovy-cover.png","contentUrl":"https:\/\/www.v3ritas.sk\/wp-content\/uploads\/2025\/07\/Stanovy-cover.png","width":1338,"height":1905},{"@type":"BreadcrumbList","@id":"https:\/\/www.v3ritas.sk\/index.php\/dokumenty\/#breadcrumb","itemListElement":[{"@type":"ListItem","position":1,"name":"Domovsk\u00e1 str\u00e1nka","item":"https:\/\/www.v3ritas.sk\/"},{"@type":"ListItem","position":2,"name":"Dokumenty"}]},{"@type":"WebSite","@id":"https:\/\/www.v3ritas.sk\/#website","url":"https:\/\/www.v3ritas.sk\/","name":"Veritas","description":"H\u013ead\u00e1me odpovede v meniacom sa svete.","publisher":{"@id":"https:\/\/www.v3ritas.sk\/#organization"},"potentialAction":[{"@type":"SearchAction","target":{"@type":"EntryPoint","urlTemplate":"https:\/\/www.v3ritas.sk\/?s={search_term_string}"},"query-input":{"@type":"PropertyValueSpecification","valueRequired":true,"valueName":"search_term_string"}}],"inLanguage":"sk-SK"},{"@type":"Organization","@id":"https:\/\/www.v3ritas.sk\/#organization","name":"Veritas","url":"https:\/\/www.v3ritas.sk\/","logo":{"@type":"ImageObject","inLanguage":"sk-SK","@id":"https:\/\/www.v3ritas.sk\/#\/schema\/logo\/image\/","url":"https:\/\/www.v3ritas.sk\/wp-content\/uploads\/2024\/08\/Artboard-1.png","contentUrl":"https:\/\/www.v3ritas.sk\/wp-content\/uploads\/2024\/08\/Artboard-1.png","width":326,"height":96,"caption":"Veritas"},"image":{"@id":"https:\/\/www.v3ritas.sk\/#\/schema\/logo\/image\/"},"sameAs":["https:\/\/www.facebook.com\/people\/Veritas\/61574619174755\/?mibextid=wwXIfr","https:\/\/t.me\/V3RITASsk","http:\/\/www.linkedin.com\/company\/v3ritas"]}]}},"campaignId":"","_links":{"self":[{"href":"https:\/\/www.v3ritas.sk\/index.php\/wp-json\/wp\/v2\/pages\/6668","targetHints":{"allow":["GET"]}}],"collection":[{"href":"https:\/\/www.v3ritas.sk\/index.php\/wp-json\/wp\/v2\/pages"}],"about":[{"href":"https:\/\/www.v3ritas.sk\/index.php\/wp-json\/wp\/v2\/types\/page"}],"author":[{"embeddable":true,"href":"https:\/\/www.v3ritas.sk\/index.php\/wp-json\/wp\/v2\/users\/1"}],"replies":[{"embeddable":true,"href":"https:\/\/www.v3ritas.sk\/index.php\/wp-json\/wp\/v2\/comments?post=6668"}],"version-history":[{"count":65,"href":"https:\/\/www.v3ritas.sk\/index.php\/wp-json\/wp\/v2\/pages\/6668\/revisions"}],"predecessor-version":[{"id":8468,"href":"https:\/\/www.v3ritas.sk\/index.php\/wp-json\/wp\/v2\/pages\/6668\/revisions\/8468"}],"wp:attachment":[{"href":"https:\/\/www.v3ritas.sk\/index.php\/wp-json\/wp\/v2\/media?parent=6668"}],"curies":[{"name":"wp","href":"https:\/\/api.w.org\/{rel}","templated":true}]}}