{"id":3,"date":"2025-03-10T09:41:19","date_gmt":"2025-03-10T08:41:19","guid":{"rendered":"https:\/\/www.v3ritas.sk\/?page_id=3"},"modified":"2025-04-04T19:11:39","modified_gmt":"2025-04-04T17:11:39","slug":"ochrana-sukromia","status":"publish","type":"page","link":"https:\/\/www.v3ritas.sk\/index.php\/ochrana-sukromia\/","title":{"rendered":"Z\u00e1sady ochrany osobn\u00fdch \u00fadajov"},"content":{"rendered":"\t\t<div data-elementor-type=\"wp-page\" data-elementor-id=\"3\" class=\"elementor elementor-3\" data-elementor-post-type=\"page\">\n\t\t\t\t<div class=\"elementor-element elementor-element-41317498 e-flex e-con-boxed e-con e-parent\" data-id=\"41317498\" data-element_type=\"container\" data-e-type=\"container\">\n\t\t\t\t\t<div class=\"e-con-inner\">\n\t\t\t\t<div class=\"elementor-element elementor-element-1f3f81c1 elementor-widget elementor-widget-text-editor\" data-id=\"1f3f81c1\" data-element_type=\"widget\" data-e-type=\"widget\" data-settings=\"{&quot;ekit_we_effect_on&quot;:&quot;none&quot;}\" data-widget_type=\"text-editor.default\">\n\t\t\t\t<div class=\"elementor-widget-container\">\n\t\t\t\t\t\t\t\t\t<p><\/p>\n<p><\/p>\n<p><\/p>\n<h2 class=\"wp-block-heading\">S\u00fabory cookies<\/h2>\n<p><\/p>\n<p>Pou\u017e\u00edvame iba nevyhnutn\u00e9 d\u00e1ta, ktor\u00e9 s nik\u00fdm nezdie\u013eame.<\/p>\n<p><\/p>\n<p><\/p>\n<p><\/p>\n<p><\/p>\t\t\t\t\t\t\t\t<\/div>\n\t\t\t\t<\/div>\n\t\t\t\t\t<\/div>\n\t\t\t\t<\/div>\n\t\t\t\t<\/div>\n\t\t","protected":false},"excerpt":{"rendered":"<p>S\u00fabory cookies Pou\u017e\u00edvame iba nevyhnutn\u00e9 d\u00e1ta, ktor\u00e9 s nik\u00fdm nezdie\u013eame.<\/p>\n","protected":false},"author":1,"featured_media":0,"parent":0,"menu_order":0,"comment_status":"closed","ping_status":"open","template":"","meta":{"_acf_changed":false,"give_campaign_id":0,"footnotes":""},"class_list":["post-3","page","type-page","status-publish","hentry"],"acf":[],"yoast_head":"<!-- This site is optimized with the Yoast SEO plugin v27.1.1 - https:\/\/yoast.com\/product\/yoast-seo-wordpress\/ -->\n<title>Z\u00e1sady ochrany osobn\u00fdch \u00fadajov - Veritas<\/title>\n<meta name=\"robots\" content=\"index, follow, max-snippet:-1, max-image-preview:large, max-video-preview:-1\" \/>\n<link rel=\"canonical\" href=\"https:\/\/www.v3ritas.sk\/index.php\/ochrana-sukromia\/\" \/>\n<meta property=\"og:locale\" content=\"sk_SK\" \/>\n<meta property=\"og:type\" content=\"article\" \/>\n<meta property=\"og:title\" content=\"Z\u00e1sady ochrany osobn\u00fdch \u00fadajov - Veritas\" \/>\n<meta property=\"og:description\" content=\"S\u00fabory cookies Pou\u017e\u00edvame iba nevyhnutn\u00e9 d\u00e1ta, ktor\u00e9 s nik\u00fdm nezdie\u013eame.\" \/>\n<meta property=\"og:url\" content=\"https:\/\/www.v3ritas.sk\/index.php\/ochrana-sukromia\/\" \/>\n<meta property=\"og:site_name\" content=\"Veritas\" \/>\n<meta property=\"article:publisher\" content=\"https:\/\/www.facebook.com\/people\/Veritas\/61574619174755\/?mibextid=wwXIfr\" \/>\n<meta property=\"article:modified_time\" content=\"2025-04-04T17:11:39+00:00\" \/>\n<meta name=\"twitter:card\" content=\"summary_large_image\" \/>\n<script type=\"application\/ld+json\" class=\"yoast-schema-graph\">{\"@context\":\"https:\/\/schema.org\",\"@graph\":[{\"@type\":\"WebPage\",\"@id\":\"https:\/\/www.v3ritas.sk\/index.php\/ochrana-sukromia\/\",\"url\":\"https:\/\/www.v3ritas.sk\/index.php\/ochrana-sukromia\/\",\"name\":\"Z\u00e1sady ochrany osobn\u00fdch \u00fadajov - Veritas\",\"isPartOf\":{\"@id\":\"https:\/\/www.v3ritas.sk\/#website\"},\"datePublished\":\"2025-03-10T08:41:19+00:00\",\"dateModified\":\"2025-04-04T17:11:39+00:00\",\"breadcrumb\":{\"@id\":\"https:\/\/www.v3ritas.sk\/index.php\/ochrana-sukromia\/#breadcrumb\"},\"inLanguage\":\"sk-SK\",\"potentialAction\":[{\"@type\":\"ReadAction\",\"target\":[\"https:\/\/www.v3ritas.sk\/index.php\/ochrana-sukromia\/\"]}]},{\"@type\":\"BreadcrumbList\",\"@id\":\"https:\/\/www.v3ritas.sk\/index.php\/ochrana-sukromia\/#breadcrumb\",\"itemListElement\":[{\"@type\":\"ListItem\",\"position\":1,\"name\":\"Domovsk\u00e1 str\u00e1nka\",\"item\":\"https:\/\/www.v3ritas.sk\/\"},{\"@type\":\"ListItem\",\"position\":2,\"name\":\"Z\u00e1sady ochrany osobn\u00fdch \u00fadajov\"}]},{\"@type\":\"WebSite\",\"@id\":\"https:\/\/www.v3ritas.sk\/#website\",\"url\":\"https:\/\/www.v3ritas.sk\/\",\"name\":\"Veritas\",\"description\":\"H\u013ead\u00e1me odpovede v meniacom sa svete.\",\"publisher\":{\"@id\":\"https:\/\/www.v3ritas.sk\/#organization\"},\"potentialAction\":[{\"@type\":\"SearchAction\",\"target\":{\"@type\":\"EntryPoint\",\"urlTemplate\":\"https:\/\/www.v3ritas.sk\/?s={search_term_string}\"},\"query-input\":{\"@type\":\"PropertyValueSpecification\",\"valueRequired\":true,\"valueName\":\"search_term_string\"}}],\"inLanguage\":\"sk-SK\"},{\"@type\":\"Organization\",\"@id\":\"https:\/\/www.v3ritas.sk\/#organization\",\"name\":\"Veritas\",\"url\":\"https:\/\/www.v3ritas.sk\/\",\"logo\":{\"@type\":\"ImageObject\",\"inLanguage\":\"sk-SK\",\"@id\":\"https:\/\/www.v3ritas.sk\/#\/schema\/logo\/image\/\",\"url\":\"https:\/\/www.v3ritas.sk\/wp-content\/uploads\/2024\/08\/Artboard-1.png\",\"contentUrl\":\"https:\/\/www.v3ritas.sk\/wp-content\/uploads\/2024\/08\/Artboard-1.png\",\"width\":326,\"height\":96,\"caption\":\"Veritas\"},\"image\":{\"@id\":\"https:\/\/www.v3ritas.sk\/#\/schema\/logo\/image\/\"},\"sameAs\":[\"https:\/\/www.facebook.com\/people\/Veritas\/61574619174755\/?mibextid=wwXIfr\",\"https:\/\/t.me\/V3RITASsk\",\"http:\/\/www.linkedin.com\/company\/v3ritas\"]}]}<\/script>\n<!-- \/ Yoast SEO plugin. -->","yoast_head_json":{"title":"Z\u00e1sady ochrany osobn\u00fdch \u00fadajov - Veritas","robots":{"index":"index","follow":"follow","max-snippet":"max-snippet:-1","max-image-preview":"max-image-preview:large","max-video-preview":"max-video-preview:-1"},"canonical":"https:\/\/www.v3ritas.sk\/index.php\/ochrana-sukromia\/","og_locale":"sk_SK","og_type":"article","og_title":"Z\u00e1sady ochrany osobn\u00fdch \u00fadajov - Veritas","og_description":"S\u00fabory cookies Pou\u017e\u00edvame iba nevyhnutn\u00e9 d\u00e1ta, ktor\u00e9 s nik\u00fdm nezdie\u013eame.","og_url":"https:\/\/www.v3ritas.sk\/index.php\/ochrana-sukromia\/","og_site_name":"Veritas","article_publisher":"https:\/\/www.facebook.com\/people\/Veritas\/61574619174755\/?mibextid=wwXIfr","article_modified_time":"2025-04-04T17:11:39+00:00","twitter_card":"summary_large_image","schema":{"@context":"https:\/\/schema.org","@graph":[{"@type":"WebPage","@id":"https:\/\/www.v3ritas.sk\/index.php\/ochrana-sukromia\/","url":"https:\/\/www.v3ritas.sk\/index.php\/ochrana-sukromia\/","name":"Z\u00e1sady ochrany osobn\u00fdch \u00fadajov - Veritas","isPartOf":{"@id":"https:\/\/www.v3ritas.sk\/#website"},"datePublished":"2025-03-10T08:41:19+00:00","dateModified":"2025-04-04T17:11:39+00:00","breadcrumb":{"@id":"https:\/\/www.v3ritas.sk\/index.php\/ochrana-sukromia\/#breadcrumb"},"inLanguage":"sk-SK","potentialAction":[{"@type":"ReadAction","target":["https:\/\/www.v3ritas.sk\/index.php\/ochrana-sukromia\/"]}]},{"@type":"BreadcrumbList","@id":"https:\/\/www.v3ritas.sk\/index.php\/ochrana-sukromia\/#breadcrumb","itemListElement":[{"@type":"ListItem","position":1,"name":"Domovsk\u00e1 str\u00e1nka","item":"https:\/\/www.v3ritas.sk\/"},{"@type":"ListItem","position":2,"name":"Z\u00e1sady ochrany osobn\u00fdch \u00fadajov"}]},{"@type":"WebSite","@id":"https:\/\/www.v3ritas.sk\/#website","url":"https:\/\/www.v3ritas.sk\/","name":"Veritas","description":"H\u013ead\u00e1me odpovede v meniacom sa svete.","publisher":{"@id":"https:\/\/www.v3ritas.sk\/#organization"},"potentialAction":[{"@type":"SearchAction","target":{"@type":"EntryPoint","urlTemplate":"https:\/\/www.v3ritas.sk\/?s={search_term_string}"},"query-input":{"@type":"PropertyValueSpecification","valueRequired":true,"valueName":"search_term_string"}}],"inLanguage":"sk-SK"},{"@type":"Organization","@id":"https:\/\/www.v3ritas.sk\/#organization","name":"Veritas","url":"https:\/\/www.v3ritas.sk\/","logo":{"@type":"ImageObject","inLanguage":"sk-SK","@id":"https:\/\/www.v3ritas.sk\/#\/schema\/logo\/image\/","url":"https:\/\/www.v3ritas.sk\/wp-content\/uploads\/2024\/08\/Artboard-1.png","contentUrl":"https:\/\/www.v3ritas.sk\/wp-content\/uploads\/2024\/08\/Artboard-1.png","width":326,"height":96,"caption":"Veritas"},"image":{"@id":"https:\/\/www.v3ritas.sk\/#\/schema\/logo\/image\/"},"sameAs":["https:\/\/www.facebook.com\/people\/Veritas\/61574619174755\/?mibextid=wwXIfr","https:\/\/t.me\/V3RITASsk","http:\/\/www.linkedin.com\/company\/v3ritas"]}]}},"campaignId":"","_links":{"self":[{"href":"https:\/\/www.v3ritas.sk\/index.php\/wp-json\/wp\/v2\/pages\/3","targetHints":{"allow":["GET"]}}],"collection":[{"href":"https:\/\/www.v3ritas.sk\/index.php\/wp-json\/wp\/v2\/pages"}],"about":[{"href":"https:\/\/www.v3ritas.sk\/index.php\/wp-json\/wp\/v2\/types\/page"}],"author":[{"embeddable":true,"href":"https:\/\/www.v3ritas.sk\/index.php\/wp-json\/wp\/v2\/users\/1"}],"replies":[{"embeddable":true,"href":"https:\/\/www.v3ritas.sk\/index.php\/wp-json\/wp\/v2\/comments?post=3"}],"version-history":[{"count":7,"href":"https:\/\/www.v3ritas.sk\/index.php\/wp-json\/wp\/v2\/pages\/3\/revisions"}],"predecessor-version":[{"id":8219,"href":"https:\/\/www.v3ritas.sk\/index.php\/wp-json\/wp\/v2\/pages\/3\/revisions\/8219"}],"wp:attachment":[{"href":"https:\/\/www.v3ritas.sk\/index.php\/wp-json\/wp\/v2\/media?parent=3"}],"curies":[{"name":"wp","href":"https:\/\/api.w.org\/{rel}","templated":true}]}}