{"id":2181,"date":"2024-08-12T10:16:02","date_gmt":"2024-08-12T10:16:02","guid":{"rendered":"https:\/\/demo.awaikenthemes.com\/avenix\/?page_id=2181"},"modified":"2025-07-03T12:43:05","modified_gmt":"2025-07-03T10:43:05","slug":"kontakt","status":"publish","type":"page","link":"https:\/\/www.v3ritas.sk\/index.php\/kontakt\/","title":{"rendered":"Kontakt"},"content":{"rendered":"\t\t<div data-elementor-type=\"wp-page\" data-elementor-id=\"2181\" class=\"elementor elementor-2181\" data-elementor-post-type=\"page\">\n\t\t\t\t<div class=\"elementor-element elementor-element-3fff1ad e-flex e-con-boxed e-con e-parent\" data-id=\"3fff1ad\" data-element_type=\"container\" data-e-type=\"container\" data-settings=\"{&quot;background_background&quot;:&quot;classic&quot;}\">\n\t\t\t\t\t<div class=\"e-con-inner\">\n\t\t<div class=\"elementor-element elementor-element-c86b94e e-con-full e-flex e-con e-child\" data-id=\"c86b94e\" data-element_type=\"container\" data-e-type=\"container\">\n\t\t\t\t<div class=\"elementor-element elementor-element-cb407e7 at-heading-animation at-animation-heading-style-2 elementor-widget elementor-widget-heading\" data-id=\"cb407e7\" data-element_type=\"widget\" data-e-type=\"widget\" data-settings=\"{&quot;ekit_we_effect_on&quot;:&quot;none&quot;}\" data-widget_type=\"heading.default\">\n\t\t\t\t<div class=\"elementor-widget-container\">\n\t\t\t\t\t<h1 class=\"elementor-heading-title elementor-size-default\">Kontakt<\/h1>\t\t\t\t<\/div>\n\t\t\t\t<\/div>\n\t\t\t\t<\/div>\n\t\t\t\t\t<\/div>\n\t\t\t\t<\/div>\n\t\t<div class=\"elementor-element elementor-element-0ced13f e-flex e-con-boxed e-con e-parent\" data-id=\"0ced13f\" data-element_type=\"container\" data-e-type=\"container\">\n\t\t\t\t\t<div class=\"e-con-inner\">\n\t\t<div class=\"elementor-element elementor-element-5c025ab e-con-full e-flex e-con e-child\" data-id=\"5c025ab\" data-element_type=\"container\" data-e-type=\"container\">\n\t\t\t\t<div class=\"elementor-element elementor-element-f20d36d at-heading-animation at-animation-heading-style-2 elementor-widget elementor-widget-heading\" data-id=\"f20d36d\" data-element_type=\"widget\" data-e-type=\"widget\" data-settings=\"{&quot;ekit_we_effect_on&quot;:&quot;none&quot;}\" data-widget_type=\"heading.default\">\n\t\t\t\t<div class=\"elementor-widget-container\">\n\t\t\t\t\t<h2 class=\"elementor-heading-title elementor-size-default\">OZ <span>quid est VERITAS <\/span><\/h2>\t\t\t\t<\/div>\n\t\t\t\t<\/div>\n\t\t<div class=\"elementor-element elementor-element-8ea30fb e-con-full e-flex e-con e-child\" data-id=\"8ea30fb\" data-element_type=\"container\" data-e-type=\"container\">\n\t\t\t\t<div class=\"elementor-element elementor-element-dcffa55 ekit-equal-height-disable elementor-invisible elementor-widget elementor-widget-elementskit-icon-box\" data-id=\"dcffa55\" data-element_type=\"widget\" data-e-type=\"widget\" data-settings=\"{&quot;_animation&quot;:&quot;fadeInUp&quot;,&quot;_animation_delay&quot;:300,&quot;ekit_we_effect_on&quot;:&quot;none&quot;}\" data-widget_type=\"elementskit-icon-box.default\">\n\t\t\t\t<div class=\"elementor-widget-container\">\n\t\t\t\t\t<div class=\"ekit-wid-con\" >        <!-- link opening -->\n                <!-- end link opening -->\n\n        <div class=\"elementskit-infobox text-left text-left icon-lef-right-aligin elementor-animation- media  \">\n                    <div class=\"elementskit-box-header elementor-animation-\">\n                <div class=\"elementskit-info-box-icon  text-center\">\n                    <i aria-hidden=\"true\" class=\"elementkit-infobox-icon far fa-envelope\"><\/i>\n                <\/div>\n          <\/div>\n                        <div class=\"box-body\">\n                            <h3 class=\"elementskit-info-box-title\">\n                    Emailov\u00e1 adresa:                <\/h3>\n                        \t\t  \t<p>info<img decoding=\"async\" src=\"https:\/\/www.v3ritas.sk\/wp-content\/uploads\/2025\/03\/Artboard-1.png\" alt=\"Popis obr\u00e1zka\" style=\"width: 18px;height: auto\">v3ritas.sk<\/p>\n                                <\/div>\n        \n        \n                <\/div>\n        <\/div>\t\t\t\t<\/div>\n\t\t\t\t<\/div>\n\t\t\t\t<div class=\"elementor-element elementor-element-ee72868 ekit-equal-height-disable elementor-invisible elementor-widget elementor-widget-elementskit-icon-box\" data-id=\"ee72868\" data-element_type=\"widget\" data-e-type=\"widget\" data-settings=\"{&quot;_animation&quot;:&quot;fadeInUp&quot;,&quot;_animation_delay&quot;:400,&quot;ekit_we_effect_on&quot;:&quot;none&quot;}\" data-widget_type=\"elementskit-icon-box.default\">\n\t\t\t\t<div class=\"elementor-widget-container\">\n\t\t\t\t\t<div class=\"ekit-wid-con\" >        <!-- link opening -->\n                <a href=\"#\" class=\"ekit_global_links\">\n                <!-- end link opening -->\n\n        <div class=\"elementskit-infobox text-left text-left icon-lef-right-aligin elementor-animation- media  \">\n                    <div class=\"elementskit-box-header elementor-animation-\">\n                <div class=\"elementskit-info-box-icon  text-center\">\n                    <i aria-hidden=\"true\" class=\"elementkit-infobox-icon fas fa-map-pin\"><\/i>\n                <\/div>\n          <\/div>\n                        <div class=\"box-body\">\n                            <h3 class=\"elementskit-info-box-title\">\n                    Adresa s\u00eddla:                <\/h3>\n                        \t\t  \t<p>Tallerova 4, 811 02 Bratislava - Star\u00e9 Mesto<\/p>\n                                <\/div>\n        \n        \n                <\/div>\n                <\/a>\n        <\/div>\t\t\t\t<\/div>\n\t\t\t\t<\/div>\n\t\t\t\t<div class=\"elementor-element elementor-element-aad53ed ekit-equal-height-disable elementor-invisible elementor-widget elementor-widget-elementskit-icon-box\" data-id=\"aad53ed\" data-element_type=\"widget\" data-e-type=\"widget\" data-settings=\"{&quot;_animation&quot;:&quot;fadeInUp&quot;,&quot;_animation_delay&quot;:400,&quot;ekit_we_effect_on&quot;:&quot;none&quot;}\" data-widget_type=\"elementskit-icon-box.default\">\n\t\t\t\t<div class=\"elementor-widget-container\">\n\t\t\t\t\t<div class=\"ekit-wid-con\" >        <!-- link opening -->\n                <a href=\"#\" class=\"ekit_global_links\">\n                <!-- end link opening -->\n\n        <div class=\"elementskit-infobox text-left text-left icon-lef-right-aligin elementor-animation- media  \">\n                    <div class=\"elementskit-box-header elementor-animation-\">\n                <div class=\"elementskit-info-box-icon  text-center\">\n                    <i aria-hidden=\"true\" class=\"elementkit-infobox-icon icon icon-bank1\"><\/i>\n                <\/div>\n          <\/div>\n                        <div class=\"box-body\">\n                            <h3 class=\"elementskit-info-box-title\">\n                    Bankov\u00e9 spojenie:                <\/h3>\n                        \t\t  \t<p>IBAN: SK23 1100 0000 0029 4526 8320<\/p>\n                                <\/div>\n        \n        \n                <\/div>\n                <\/a>\n        <\/div>\t\t\t\t<\/div>\n\t\t\t\t<\/div>\n\t\t\t\t<\/div>\n\t\t\t\t<\/div>\n\t\t<div class=\"elementor-element elementor-element-c24bde3 e-con-full e-flex e-con e-child\" data-id=\"c24bde3\" data-element_type=\"container\" data-e-type=\"container\">\n\t\t\t\t<div class=\"elementor-element elementor-element-8aec78a at-heading-animation at-animation-heading-style-2 elementor-widget elementor-widget-heading\" data-id=\"8aec78a\" data-element_type=\"widget\" data-e-type=\"widget\" data-settings=\"{&quot;ekit_we_effect_on&quot;:&quot;none&quot;}\" data-widget_type=\"heading.default\">\n\t\t\t\t<div class=\"elementor-widget-container\">\n\t\t\t\t\t<h2 class=\"elementor-heading-title elementor-size-default\"><span>Faktura\u010dn\u00e9 \u00fadaje<\/span><\/h2>\t\t\t\t<\/div>\n\t\t\t\t<\/div>\n\t\t\t\t<div class=\"elementor-element elementor-element-cc002f0 elementor-invisible elementor-widget elementor-widget-text-editor\" data-id=\"cc002f0\" data-element_type=\"widget\" data-e-type=\"widget\" data-settings=\"{&quot;_animation&quot;:&quot;fadeInUp&quot;,&quot;_animation_delay&quot;:100,&quot;ekit_we_effect_on&quot;:&quot;none&quot;}\" data-widget_type=\"text-editor.default\">\n\t\t\t\t<div class=\"elementor-widget-container\">\n\t\t\t\t\t\t\t\t\t<p><strong>quid est VERITAS<\/strong><br \/>Tallerova 2\/4<br \/>Bratislava &#8211; Star\u00e9 Mesto<br \/>811 02 <\/p><p><strong>I\u010cO:<\/strong> 56 838 361<br \/><strong>DI\u010c:<\/strong> 212 252 06 09<br \/><strong>Registra\u010dn\u00e9 \u010d\u00edslo MV SR:<\/strong> VVS\/1-900\/90-71841<\/p>\t\t\t\t\t\t\t\t<\/div>\n\t\t\t\t<\/div>\n\t\t<div class=\"elementor-element elementor-element-09a3789 e-con-full e-flex e-con e-child\" data-id=\"09a3789\" data-element_type=\"container\" data-e-type=\"container\">\n\t\t\t\t<\/div>\n\t\t\t\t<\/div>\n\t\t<div class=\"elementor-element elementor-element-71f9ae4 e-con-full e-flex e-con e-child\" data-id=\"71f9ae4\" data-element_type=\"container\" data-e-type=\"container\">\n\t\t\t\t<\/div>\n\t\t\t\t\t<\/div>\n\t\t\t\t<\/div>\n\t\t<div class=\"elementor-element elementor-element-083870b e-con-full e-flex elementor-invisible e-con e-parent\" data-id=\"083870b\" data-element_type=\"container\" data-e-type=\"container\" data-settings=\"{&quot;animation&quot;:&quot;fadeIn&quot;,&quot;animation_delay&quot;:100}\">\n\t\t\t\t<div class=\"elementor-element elementor-element-2dc7c44 elementor-widget elementor-widget-google_maps\" data-id=\"2dc7c44\" data-element_type=\"widget\" data-e-type=\"widget\" data-settings=\"{&quot;ekit_we_effect_on&quot;:&quot;none&quot;}\" data-widget_type=\"google_maps.default\">\n\t\t\t\t<div class=\"elementor-widget-container\">\n\t\t\t\t\t\t\t<div class=\"elementor-custom-embed\">\n\t\t\t<iframe loading=\"lazy\"\n\t\t\t\t\tsrc=\"https:\/\/maps.google.com\/maps?q=Tallerova%204%2C%20Bratislava&#038;t=m&#038;z=10&#038;output=embed&#038;iwloc=near\"\n\t\t\t\t\ttitle=\"Tallerova 4, Bratislava\"\n\t\t\t\t\taria-label=\"Tallerova 4, Bratislava\"\n\t\t\t><\/iframe>\n\t\t<\/div>\n\t\t\t\t\t\t<\/div>\n\t\t\t\t<\/div>\n\t\t\t\t<\/div>\n\t\t\t\t<\/div>\n\t\t","protected":false},"excerpt":{"rendered":"<p>Kontakt OZ quid est VERITAS Emailov\u00e1 adresa: infov3ritas.sk Adresa s\u00eddla: Tallerova 4, [&hellip;]<\/p>\n","protected":false},"author":1,"featured_media":0,"parent":0,"menu_order":0,"comment_status":"closed","ping_status":"closed","template":"elementor_header_footer","meta":{"_acf_changed":false,"give_campaign_id":0,"footnotes":""},"class_list":["post-2181","page","type-page","status-publish","hentry"],"acf":[],"yoast_head":"<!-- This site is optimized with the Yoast SEO plugin v27.1.1 - https:\/\/yoast.com\/product\/yoast-seo-wordpress\/ -->\n<title>Kontakt - Veritas<\/title>\n<meta name=\"robots\" content=\"index, follow, max-snippet:-1, max-image-preview:large, max-video-preview:-1\" \/>\n<link rel=\"canonical\" href=\"https:\/\/www.v3ritas.sk\/index.php\/kontakt\/\" \/>\n<meta property=\"og:locale\" content=\"sk_SK\" \/>\n<meta property=\"og:type\" content=\"article\" \/>\n<meta property=\"og:title\" content=\"Kontakt - Veritas\" \/>\n<meta property=\"og:description\" content=\"Kontakt OZ quid est VERITAS Emailov\u00e1 adresa: infov3ritas.sk Adresa s\u00eddla: Tallerova 4, [&hellip;]\" \/>\n<meta property=\"og:url\" content=\"https:\/\/www.v3ritas.sk\/index.php\/kontakt\/\" \/>\n<meta property=\"og:site_name\" content=\"Veritas\" \/>\n<meta property=\"article:publisher\" content=\"https:\/\/www.facebook.com\/people\/Veritas\/61574619174755\/?mibextid=wwXIfr\" \/>\n<meta property=\"article:modified_time\" content=\"2025-07-03T10:43:05+00:00\" \/>\n<meta property=\"og:image\" content=\"https:\/\/www.v3ritas.sk\/wp-content\/uploads\/2025\/03\/Artboard-1.png\" \/>\n<meta name=\"twitter:card\" content=\"summary_large_image\" \/>\n<meta name=\"twitter:label1\" content=\"Predpokladan\u00fd \u010das \u010d\u00edtania\" \/>\n\t<meta name=\"twitter:data1\" content=\"1 min\u00fata\" \/>\n<script type=\"application\/ld+json\" class=\"yoast-schema-graph\">{\"@context\":\"https:\/\/schema.org\",\"@graph\":[{\"@type\":\"WebPage\",\"@id\":\"https:\/\/www.v3ritas.sk\/index.php\/kontakt\/\",\"url\":\"https:\/\/www.v3ritas.sk\/index.php\/kontakt\/\",\"name\":\"Kontakt - Veritas\",\"isPartOf\":{\"@id\":\"https:\/\/www.v3ritas.sk\/#website\"},\"primaryImageOfPage\":{\"@id\":\"https:\/\/www.v3ritas.sk\/index.php\/kontakt\/#primaryimage\"},\"image\":{\"@id\":\"https:\/\/www.v3ritas.sk\/index.php\/kontakt\/#primaryimage\"},\"thumbnailUrl\":\"https:\/\/www.v3ritas.sk\/wp-content\/uploads\/2025\/03\/Artboard-1.png\",\"datePublished\":\"2024-08-12T10:16:02+00:00\",\"dateModified\":\"2025-07-03T10:43:05+00:00\",\"breadcrumb\":{\"@id\":\"https:\/\/www.v3ritas.sk\/index.php\/kontakt\/#breadcrumb\"},\"inLanguage\":\"sk-SK\",\"potentialAction\":[{\"@type\":\"ReadAction\",\"target\":[\"https:\/\/www.v3ritas.sk\/index.php\/kontakt\/\"]}]},{\"@type\":\"ImageObject\",\"inLanguage\":\"sk-SK\",\"@id\":\"https:\/\/www.v3ritas.sk\/index.php\/kontakt\/#primaryimage\",\"url\":\"https:\/\/www.v3ritas.sk\/wp-content\/uploads\/2025\/03\/Artboard-1.png\",\"contentUrl\":\"https:\/\/www.v3ritas.sk\/wp-content\/uploads\/2025\/03\/Artboard-1.png\",\"width\":29,\"height\":30},{\"@type\":\"BreadcrumbList\",\"@id\":\"https:\/\/www.v3ritas.sk\/index.php\/kontakt\/#breadcrumb\",\"itemListElement\":[{\"@type\":\"ListItem\",\"position\":1,\"name\":\"Domovsk\u00e1 str\u00e1nka\",\"item\":\"https:\/\/www.v3ritas.sk\/\"},{\"@type\":\"ListItem\",\"position\":2,\"name\":\"Kontakt\"}]},{\"@type\":\"WebSite\",\"@id\":\"https:\/\/www.v3ritas.sk\/#website\",\"url\":\"https:\/\/www.v3ritas.sk\/\",\"name\":\"Veritas\",\"description\":\"H\u013ead\u00e1me odpovede v meniacom sa svete.\",\"publisher\":{\"@id\":\"https:\/\/www.v3ritas.sk\/#organization\"},\"potentialAction\":[{\"@type\":\"SearchAction\",\"target\":{\"@type\":\"EntryPoint\",\"urlTemplate\":\"https:\/\/www.v3ritas.sk\/?s={search_term_string}\"},\"query-input\":{\"@type\":\"PropertyValueSpecification\",\"valueRequired\":true,\"valueName\":\"search_term_string\"}}],\"inLanguage\":\"sk-SK\"},{\"@type\":\"Organization\",\"@id\":\"https:\/\/www.v3ritas.sk\/#organization\",\"name\":\"Veritas\",\"url\":\"https:\/\/www.v3ritas.sk\/\",\"logo\":{\"@type\":\"ImageObject\",\"inLanguage\":\"sk-SK\",\"@id\":\"https:\/\/www.v3ritas.sk\/#\/schema\/logo\/image\/\",\"url\":\"https:\/\/www.v3ritas.sk\/wp-content\/uploads\/2024\/08\/Artboard-1.png\",\"contentUrl\":\"https:\/\/www.v3ritas.sk\/wp-content\/uploads\/2024\/08\/Artboard-1.png\",\"width\":326,\"height\":96,\"caption\":\"Veritas\"},\"image\":{\"@id\":\"https:\/\/www.v3ritas.sk\/#\/schema\/logo\/image\/\"},\"sameAs\":[\"https:\/\/www.facebook.com\/people\/Veritas\/61574619174755\/?mibextid=wwXIfr\",\"https:\/\/t.me\/V3RITASsk\",\"http:\/\/www.linkedin.com\/company\/v3ritas\"]}]}<\/script>\n<!-- \/ Yoast SEO plugin. -->","yoast_head_json":{"title":"Kontakt - Veritas","robots":{"index":"index","follow":"follow","max-snippet":"max-snippet:-1","max-image-preview":"max-image-preview:large","max-video-preview":"max-video-preview:-1"},"canonical":"https:\/\/www.v3ritas.sk\/index.php\/kontakt\/","og_locale":"sk_SK","og_type":"article","og_title":"Kontakt - Veritas","og_description":"Kontakt OZ quid est VERITAS Emailov\u00e1 adresa: infov3ritas.sk Adresa s\u00eddla: Tallerova 4, [&hellip;]","og_url":"https:\/\/www.v3ritas.sk\/index.php\/kontakt\/","og_site_name":"Veritas","article_publisher":"https:\/\/www.facebook.com\/people\/Veritas\/61574619174755\/?mibextid=wwXIfr","article_modified_time":"2025-07-03T10:43:05+00:00","og_image":[{"url":"https:\/\/www.v3ritas.sk\/wp-content\/uploads\/2025\/03\/Artboard-1.png","type":"","width":"","height":""}],"twitter_card":"summary_large_image","twitter_misc":{"Predpokladan\u00fd \u010das \u010d\u00edtania":"1 min\u00fata"},"schema":{"@context":"https:\/\/schema.org","@graph":[{"@type":"WebPage","@id":"https:\/\/www.v3ritas.sk\/index.php\/kontakt\/","url":"https:\/\/www.v3ritas.sk\/index.php\/kontakt\/","name":"Kontakt - Veritas","isPartOf":{"@id":"https:\/\/www.v3ritas.sk\/#website"},"primaryImageOfPage":{"@id":"https:\/\/www.v3ritas.sk\/index.php\/kontakt\/#primaryimage"},"image":{"@id":"https:\/\/www.v3ritas.sk\/index.php\/kontakt\/#primaryimage"},"thumbnailUrl":"https:\/\/www.v3ritas.sk\/wp-content\/uploads\/2025\/03\/Artboard-1.png","datePublished":"2024-08-12T10:16:02+00:00","dateModified":"2025-07-03T10:43:05+00:00","breadcrumb":{"@id":"https:\/\/www.v3ritas.sk\/index.php\/kontakt\/#breadcrumb"},"inLanguage":"sk-SK","potentialAction":[{"@type":"ReadAction","target":["https:\/\/www.v3ritas.sk\/index.php\/kontakt\/"]}]},{"@type":"ImageObject","inLanguage":"sk-SK","@id":"https:\/\/www.v3ritas.sk\/index.php\/kontakt\/#primaryimage","url":"https:\/\/www.v3ritas.sk\/wp-content\/uploads\/2025\/03\/Artboard-1.png","contentUrl":"https:\/\/www.v3ritas.sk\/wp-content\/uploads\/2025\/03\/Artboard-1.png","width":29,"height":30},{"@type":"BreadcrumbList","@id":"https:\/\/www.v3ritas.sk\/index.php\/kontakt\/#breadcrumb","itemListElement":[{"@type":"ListItem","position":1,"name":"Domovsk\u00e1 str\u00e1nka","item":"https:\/\/www.v3ritas.sk\/"},{"@type":"ListItem","position":2,"name":"Kontakt"}]},{"@type":"WebSite","@id":"https:\/\/www.v3ritas.sk\/#website","url":"https:\/\/www.v3ritas.sk\/","name":"Veritas","description":"H\u013ead\u00e1me odpovede v meniacom sa svete.","publisher":{"@id":"https:\/\/www.v3ritas.sk\/#organization"},"potentialAction":[{"@type":"SearchAction","target":{"@type":"EntryPoint","urlTemplate":"https:\/\/www.v3ritas.sk\/?s={search_term_string}"},"query-input":{"@type":"PropertyValueSpecification","valueRequired":true,"valueName":"search_term_string"}}],"inLanguage":"sk-SK"},{"@type":"Organization","@id":"https:\/\/www.v3ritas.sk\/#organization","name":"Veritas","url":"https:\/\/www.v3ritas.sk\/","logo":{"@type":"ImageObject","inLanguage":"sk-SK","@id":"https:\/\/www.v3ritas.sk\/#\/schema\/logo\/image\/","url":"https:\/\/www.v3ritas.sk\/wp-content\/uploads\/2024\/08\/Artboard-1.png","contentUrl":"https:\/\/www.v3ritas.sk\/wp-content\/uploads\/2024\/08\/Artboard-1.png","width":326,"height":96,"caption":"Veritas"},"image":{"@id":"https:\/\/www.v3ritas.sk\/#\/schema\/logo\/image\/"},"sameAs":["https:\/\/www.facebook.com\/people\/Veritas\/61574619174755\/?mibextid=wwXIfr","https:\/\/t.me\/V3RITASsk","http:\/\/www.linkedin.com\/company\/v3ritas"]}]}},"campaignId":"","_links":{"self":[{"href":"https:\/\/www.v3ritas.sk\/index.php\/wp-json\/wp\/v2\/pages\/2181","targetHints":{"allow":["GET"]}}],"collection":[{"href":"https:\/\/www.v3ritas.sk\/index.php\/wp-json\/wp\/v2\/pages"}],"about":[{"href":"https:\/\/www.v3ritas.sk\/index.php\/wp-json\/wp\/v2\/types\/page"}],"author":[{"embeddable":true,"href":"https:\/\/www.v3ritas.sk\/index.php\/wp-json\/wp\/v2\/users\/1"}],"replies":[{"embeddable":true,"href":"https:\/\/www.v3ritas.sk\/index.php\/wp-json\/wp\/v2\/comments?post=2181"}],"version-history":[{"count":61,"href":"https:\/\/www.v3ritas.sk\/index.php\/wp-json\/wp\/v2\/pages\/2181\/revisions"}],"predecessor-version":[{"id":8351,"href":"https:\/\/www.v3ritas.sk\/index.php\/wp-json\/wp\/v2\/pages\/2181\/revisions\/8351"}],"wp:attachment":[{"href":"https:\/\/www.v3ritas.sk\/index.php\/wp-json\/wp\/v2\/media?parent=2181"}],"curies":[{"name":"wp","href":"https:\/\/api.w.org\/{rel}","templated":true}]}}